{"id":2370,"date":"2025-03-04T21:57:32","date_gmt":"2025-03-04T20:57:32","guid":{"rendered":"https:\/\/www.stilladrops.hu\/?post_type=product&#038;p=2370"},"modified":"2026-02-10T22:29:59","modified_gmt":"2026-02-10T21:29:59","slug":"womens-anti-aging-beauty-elixir","status":"publish","type":"product","link":"https:\/\/www.stilladrops.hu\/en\/termek\/womens-anti-aging-beauty-elixir\/","title":{"rendered":"Women&#8217;s Anti-Aging Beauty Elix\u00edr"},"content":{"rendered":"<h2>Stilla Women\u2019s Anti-Aging Beauty Elixir<\/h2>\n<p><strong>Water-based, highly absorbable dietary supplement<\/strong><\/p>\n<p><strong>What you can expect: <\/strong><\/p>\n<ul>\n<li style=\"list-style-type: none;\">\n<ul>\n<li><strong>Hydration and firmness<\/strong>: The ingredients can help restore the skin&#8217;s natural hydration, leaving skin softer, smoother and firmer for a more youthful appearance.<\/li>\n<li><strong>Reduction in the visibility of wrinkles<\/strong>: Regain the elasticity and smoothness of your skin.<\/li>\n<li><strong>The Anti-Aging Beauty Elixir<\/strong> can support the <strong>renewal<\/strong> and <strong>regeneration<\/strong> of your skin cells from within.<\/li>\n<li><strong>Refined pores, reduction of inflammation and slower skin ageing<\/strong>: With ingredients such as <strong>fulvic acid<\/strong> and <strong>pterostilbene<\/strong>, the beauty elixir can slow down skin aging and help maintain a youthful appearance.<\/li>\n<\/ul>\n<\/li>\n<\/ul>\n<p><strong>The Magical Ingredients<\/strong><\/p>\n<ul>\n<li><strong>Collagen and Hyaluronic Acid:<\/strong> The powerful duo of <strong>collagen type<\/strong> II and <strong>hyaluronic acid<\/strong> nourishes and hydrates the skin, restoring its firmness and elasticity.<\/li>\n<li><strong>Fulvic Acid and Pterostilbene<\/strong>: These natural ingredients can effectively slow down skin ageing and support cell renewal, contributing to skin vitality.<\/li>\n<li><strong>Vitamin C and Vitamin B3<\/strong>: These vitamins can help to enhance skin radiance and even skin tone, while supporting cell regeneration.<\/li>\n<li><strong>Coenzyme Q10<\/strong>: This ingredient may help boost cellular energy production and help maintain the skin&#8217;s youthful appearance.<\/li>\n<\/ul>\n<p><strong>Renew the Beauty of Your Skin!<\/strong><\/p>\n<p>Don&#8217;t let the passage of time leave a mark on your skin. With regular use of the Anti-Aging Beauty Elixir, you can renew the beauty and youthfulness of your skin. Feel the difference as your skin regains its softness, elasticity and radiance.<\/p>\n<p><strong>Recommended consumption: 20 ml per day orally<\/strong><\/p>\n<p><strong>1 bottle = 25 daily doses<\/strong><\/p>\n<p><strong>When Can You Expect Results?<\/strong><\/p>\n<p>The time it takes to see results can vary from person to person. Typically it takes one to three months to see the full results of the product.<\/p>\n<div class=\"fl-builder-content fl-builder-content-689 fl-builder-template fl-builder-row-template fl-builder-global-templates-locked\" data-post-id=\"689\"><div class=\"fl-row fl-row-full-width fl-row-bg-none fl-node-hsk4zvyp52on fl-row-default-height fl-row-align-center\" data-node=\"hsk4zvyp52on\">\n\t<div class=\"fl-row-content-wrap\">\n\t\t\t\t\t\t<div class=\"fl-row-content fl-row-fixed-width fl-node-content\">\n\t\t\n<div class=\"fl-col-group fl-node-5voa2zf67ytx\" data-node=\"5voa2zf67ytx\">\n\t\t\t<div class=\"fl-col fl-node-aj2oqnpdxu14 fl-col-bg-color fl-col-small\" data-node=\"aj2oqnpdxu14\">\n\t<div class=\"fl-col-content fl-node-content\"><\/div>\n<\/div>\n\t\t\t<div class=\"fl-col fl-node-mkbqnc6e5vla fl-col-bg-color fl-col-small\" data-node=\"mkbqnc6e5vla\">\n\t<div class=\"fl-col-content fl-node-content\"><div class=\"fl-module fl-module-photo fl-node-zuyo3q0hifwd\" data-node=\"zuyo3q0hifwd\">\n\t<div class=\"fl-module-content fl-node-content\">\n\t\t<div class=\"fl-photo fl-photo-align-center\" itemscope itemtype=\"https:\/\/schema.org\/ImageObject\">\n\t<div class=\"fl-photo-content fl-photo-img-png\">\n\t\t\t\t<img decoding=\"async\" class=\"fl-photo-img wp-image-699 size-thumbnail\" src=\"https:\/\/www.stilladrops.hu\/wp-content\/uploads\/2023\/03\/vegan-150x150.png\" alt=\"vegan\" itemprop=\"image\" height=\"150\" width=\"150\" title=\"vegan\" srcset=\"https:\/\/www.stilladrops.hu\/wp-content\/uploads\/2023\/03\/vegan-150x150.png 150w, https:\/\/www.stilladrops.hu\/wp-content\/uploads\/2023\/03\/vegan-100x100.png 100w, https:\/\/www.stilladrops.hu\/wp-content\/uploads\/2023\/03\/vegan-138x138.png 138w\" sizes=\"(max-width: 150px) 100vw, 150px\" \/>\n\t\t\t\t\t<\/div>\n\t<\/div>\n\t<\/div>\n<\/div>\n<\/div>\n<\/div>\n\t\t\t<div class=\"fl-col fl-node-ua1k6hpi3mc9 fl-col-bg-color fl-col-small\" data-node=\"ua1k6hpi3mc9\">\n\t<div class=\"fl-col-content fl-node-content\"><div class=\"fl-module fl-module-photo fl-node-6hnj4vdpqbsm\" data-node=\"6hnj4vdpqbsm\">\n\t<div class=\"fl-module-content fl-node-content\">\n\t\t<div class=\"fl-photo fl-photo-align-center\" itemscope itemtype=\"https:\/\/schema.org\/ImageObject\">\n\t<div class=\"fl-photo-content fl-photo-img-png\">\n\t\t\t\t<img decoding=\"async\" class=\"fl-photo-img wp-image-698 size-thumbnail\" src=\"https:\/\/www.stilladrops.hu\/wp-content\/uploads\/2023\/03\/natural-150x150.png\" alt=\"natural\" itemprop=\"image\" height=\"150\" width=\"150\" title=\"natural\" srcset=\"https:\/\/www.stilladrops.hu\/wp-content\/uploads\/2023\/03\/natural-150x150.png 150w, https:\/\/www.stilladrops.hu\/wp-content\/uploads\/2023\/03\/natural-138x138.png 138w, https:\/\/www.stilladrops.hu\/wp-content\/uploads\/2023\/03\/natural-100x100.png 100w, https:\/\/www.stilladrops.hu\/wp-content\/uploads\/2023\/03\/natural.png 260w\" sizes=\"(max-width: 150px) 100vw, 150px\" \/>\n\t\t\t\t\t<\/div>\n\t<\/div>\n\t<\/div>\n<\/div>\n<\/div>\n<\/div>\n\t\t\t<div class=\"fl-col fl-node-mgisb49rutl2 fl-col-bg-color fl-col-small\" data-node=\"mgisb49rutl2\">\n\t<div class=\"fl-col-content fl-node-content\"><div class=\"fl-module fl-module-photo fl-node-20e8k67gmtfy\" data-node=\"20e8k67gmtfy\">\n\t<div class=\"fl-module-content fl-node-content\">\n\t\t<div class=\"fl-photo fl-photo-align-center\" itemscope itemtype=\"https:\/\/schema.org\/ImageObject\">\n\t<div class=\"fl-photo-content fl-photo-img-png\">\n\t\t\t\t<img decoding=\"async\" class=\"fl-photo-img wp-image-697 size-thumbnail\" src=\"https:\/\/www.stilladrops.hu\/wp-content\/uploads\/2023\/03\/alcohol-150x150.png\" alt=\"alcohol\" itemprop=\"image\" height=\"150\" width=\"150\" title=\"alcohol\" srcset=\"https:\/\/www.stilladrops.hu\/wp-content\/uploads\/2023\/03\/alcohol-150x150.png 150w, https:\/\/www.stilladrops.hu\/wp-content\/uploads\/2023\/03\/alcohol-100x100.png 100w, https:\/\/www.stilladrops.hu\/wp-content\/uploads\/2023\/03\/alcohol-138x138.png 138w\" sizes=\"(max-width: 150px) 100vw, 150px\" \/>\n\t\t\t\t\t<\/div>\n\t<\/div>\n\t<\/div>\n<\/div>\n<\/div>\n<\/div>\n\t\t\t<div class=\"fl-col fl-node-arqm64fxd3tv fl-col-bg-color fl-col-small\" data-node=\"arqm64fxd3tv\">\n\t<div class=\"fl-col-content fl-node-content\"><\/div>\n<\/div>\n\t<\/div>\n\t\t<\/div>\n\t<\/div>\n<\/div>\n<\/div>\n<hr \/>\n<p>&nbsp;<\/p>\n<div id=\"gtx-trans\" style=\"position: absolute; left: 959px; top: 222.031px;\">\n<div class=\"gtx-trans-icon\"><\/div>\n<\/div>\n","protected":false},"excerpt":{"rendered":"<p><strong>Women&#8217;s Anti-Aging Beauty Elix\u00edr \u2013 A Potent Elixir for Youthful and Firm Skin from Within<\/strong><\/p>\n<p>Discover your ally for radiant and youthful skin with Stilla\u2019s Women&#8217;s Anti-Aging Beauty Elixir. Crafted with premium ingredients, this elixir aids in nurturing your skin&#8217;s renewal and regeneration from within, ensuring your beauty remains luminous on the long run.<\/p>\n","protected":false},"featured_media":7012,"comment_status":"open","ping_status":"closed","template":"","meta":{"_uag_custom_page_level_css":"","site-sidebar-layout":"default","site-content-layout":"default","ast-site-content-layout":"default","site-content-style":"default","site-sidebar-style":"default","ast-global-header-display":"","ast-banner-title-visibility":"","ast-main-header-display":"","ast-hfb-above-header-display":"","ast-hfb-below-header-display":"","ast-hfb-mobile-header-display":"","site-post-title":"","ast-breadcrumbs-content":"","ast-featured-img":"","footer-sml-layout":"","ast-disable-related-posts":"","theme-transparent-header-meta":"default","adv-header-id-meta":"","stick-header-meta":"default","header-above-stick-meta":"","header-main-stick-meta":"","header-below-stick-meta":"","astra-migrate-meta-layouts":"set","ast-page-background-enabled":"default","ast-page-background-meta":{"desktop":{"background-color":"","background-image":"","background-repeat":"repeat","background-position":"center center","background-size":"auto","background-attachment":"scroll","background-type":"","background-media":"","overlay-type":"","overlay-color":"","overlay-opacity":"","overlay-gradient":""},"tablet":{"background-color":"","background-image":"","background-repeat":"repeat","background-position":"center center","background-size":"auto","background-attachment":"scroll","background-type":"","background-media":"","overlay-type":"","overlay-color":"","overlay-opacity":"","overlay-gradient":""},"mobile":{"background-color":"","background-image":"","background-repeat":"repeat","background-position":"center center","background-size":"auto","background-attachment":"scroll","background-type":"","background-media":"","overlay-type":"","overlay-color":"","overlay-opacity":"","overlay-gradient":""}},"ast-content-background-meta":{"desktop":{"background-color":"var(--ast-global-color-5)","background-image":"","background-repeat":"repeat","background-position":"center center","background-size":"auto","background-attachment":"scroll","background-type":"","background-media":"","overlay-type":"","overlay-color":"","overlay-opacity":"","overlay-gradient":""},"tablet":{"background-color":"var(--ast-global-color-5)","background-image":"","background-repeat":"repeat","background-position":"center center","background-size":"auto","background-attachment":"scroll","background-type":"","background-media":"","overlay-type":"","overlay-color":"","overlay-opacity":"","overlay-gradient":""},"mobile":{"background-color":"var(--ast-global-color-5)","background-image":"","background-repeat":"repeat","background-position":"center center","background-size":"auto","background-attachment":"scroll","background-type":"","background-media":"","overlay-type":"","overlay-color":"","overlay-opacity":"","overlay-gradient":""}}},"product_brand":[],"product_cat":[],"product_tag":[],"class_list":{"0":"post-2370","1":"product","2":"type-product","3":"status-publish","4":"has-post-thumbnail","6":"desktop-align-center","7":"tablet-align-left","8":"mobile-align-center","9":"ast-product-gallery-layout-horizontal-slider","10":"ast-product-tabs-layout-horizontal","12":"first","13":"instock","14":"taxable","15":"shipping-taxable","16":"purchasable","17":"product-type-simple"},"yoast_head":"<!-- This site is optimized with the Yoast SEO Premium plugin v27.5 (Yoast SEO v27.5) - https:\/\/yoast.com\/product\/yoast-seo-premium-wordpress\/ -->\n<title>Women&#039;s Anti-Aging Beauty Elix\u00edr - Stilla<\/title>\n<meta name=\"robots\" content=\"index, follow, max-snippet:-1, max-image-preview:large, max-video-preview:-1\" \/>\n<link rel=\"canonical\" href=\"https:\/\/www.stilladrops.hu\/en\/termek\/womens-anti-aging-beauty-elixir\/\" \/>\n<meta property=\"og:locale\" content=\"en_US\" \/>\n<meta property=\"og:type\" content=\"article\" \/>\n<meta property=\"og:title\" content=\"Women&#039;s Anti-Aging Beauty Elix\u00edr\" \/>\n<meta property=\"og:description\" content=\"Women&#039;s Anti-Aging Beauty Elix\u00edr \u2013 A Potent Elixir for Youthful and Firm Skin from Within  Discover your ally for radiant and youthful skin with Stilla\u2019s Women&#039;s Anti-Aging Beauty Elixir. Crafted with premium ingredients, this elixir aids in nurturing your skin&#039;s renewal and regeneration from within, ensuring your beauty remains luminous on the long run.\" \/>\n<meta property=\"og:url\" content=\"https:\/\/www.stilladrops.hu\/en\/termek\/womens-anti-aging-beauty-elixir\/\" \/>\n<meta property=\"og:site_name\" content=\"Stilla\" \/>\n<meta property=\"article:publisher\" content=\"https:\/\/www.facebook.com\/stillapure\" \/>\n<meta property=\"article:modified_time\" content=\"2026-02-10T21:29:59+00:00\" \/>\n<meta property=\"og:image\" content=\"https:\/\/www.stilladrops.hu\/wp-content\/uploads\/2025\/03\/stilla-beauty-boost.jpg\" \/>\n\t<meta property=\"og:image:width\" content=\"1417\" \/>\n\t<meta property=\"og:image:height\" content=\"1417\" \/>\n\t<meta property=\"og:image:type\" content=\"image\/jpeg\" \/>\n<meta name=\"twitter:card\" content=\"summary_large_image\" \/>\n<meta name=\"twitter:label1\" content=\"Price\" \/>\n\t<meta name=\"twitter:data1\" content=\"14 990&nbsp;&#070;&#116;\" \/>\n\t<meta name=\"twitter:label2\" content=\"Availability\" \/>\n\t<meta name=\"twitter:data2\" content=\"In stock\" \/>\n<script type=\"application\/ld+json\" class=\"yoast-schema-graph\">{\"@context\":\"https:\\\/\\\/schema.org\",\"@graph\":[{\"@type\":\"WebPage\",\"@id\":\"https:\\\/\\\/www.stilladrops.hu\\\/en\\\/termek\\\/womens-anti-aging-beauty-elixir\\\/\",\"url\":\"https:\\\/\\\/www.stilladrops.hu\\\/en\\\/termek\\\/womens-anti-aging-beauty-elixir\\\/\",\"name\":\"Women's Anti-Aging Beauty Elix\u00edr - Stilla\",\"isPartOf\":{\"@id\":\"https:\\\/\\\/www.stilladrops.hu\\\/#website\"},\"primaryImageOfPage\":{\"@id\":\"https:\\\/\\\/www.stilladrops.hu\\\/en\\\/termek\\\/womens-anti-aging-beauty-elixir\\\/#primaryimage\"},\"image\":{\"@id\":\"https:\\\/\\\/www.stilladrops.hu\\\/en\\\/termek\\\/womens-anti-aging-beauty-elixir\\\/#primaryimage\"},\"thumbnailUrl\":\"https:\\\/\\\/www.stilladrops.hu\\\/wp-content\\\/uploads\\\/2025\\\/03\\\/stilla-beauty-boost.jpg\",\"datePublished\":\"2025-03-04T20:57:32+00:00\",\"dateModified\":\"2026-02-10T21:29:59+00:00\",\"breadcrumb\":{\"@id\":\"https:\\\/\\\/www.stilladrops.hu\\\/en\\\/termek\\\/womens-anti-aging-beauty-elixir\\\/#breadcrumb\"},\"inLanguage\":\"en-US\",\"potentialAction\":[{\"@type\":\"ReadAction\",\"target\":[\"https:\\\/\\\/www.stilladrops.hu\\\/en\\\/termek\\\/womens-anti-aging-beauty-elixir\\\/\"]}]},{\"@type\":\"ImageObject\",\"inLanguage\":\"en-US\",\"@id\":\"https:\\\/\\\/www.stilladrops.hu\\\/en\\\/termek\\\/womens-anti-aging-beauty-elixir\\\/#primaryimage\",\"url\":\"https:\\\/\\\/www.stilladrops.hu\\\/wp-content\\\/uploads\\\/2025\\\/03\\\/stilla-beauty-boost.jpg\",\"contentUrl\":\"https:\\\/\\\/www.stilladrops.hu\\\/wp-content\\\/uploads\\\/2025\\\/03\\\/stilla-beauty-boost.jpg\",\"width\":1417,\"height\":1417,\"caption\":\"stilla-product-image-beauty-boost\"},{\"@type\":\"BreadcrumbList\",\"@id\":\"https:\\\/\\\/www.stilladrops.hu\\\/en\\\/termek\\\/womens-anti-aging-beauty-elixir\\\/#breadcrumb\",\"itemListElement\":[{\"@type\":\"ListItem\",\"position\":1,\"name\":\"Kezd\u0151lap\",\"item\":\"https:\\\/\\\/www.stilladrops.hu\\\/\"},{\"@type\":\"ListItem\",\"position\":2,\"name\":\"Shop\",\"item\":\"https:\\\/\\\/www.stilladrops.hu\\\/shop\\\/\"},{\"@type\":\"ListItem\",\"position\":3,\"name\":\"Women&#8217;s Anti-Aging Beauty Elix\u00edr\"}]},{\"@type\":\"WebSite\",\"@id\":\"https:\\\/\\\/www.stilladrops.hu\\\/#website\",\"url\":\"https:\\\/\\\/www.stilladrops.hu\\\/\",\"name\":\"Stilla\",\"description\":\"V\u00edzalap\u00fa mikrot\u00e1panyag-cseppek a leg\u00fajabb fulvinsav-technol\u00f3gi\u00e1val.\",\"publisher\":{\"@id\":\"https:\\\/\\\/www.stilladrops.hu\\\/#organization\"},\"potentialAction\":[{\"@type\":\"SearchAction\",\"target\":{\"@type\":\"EntryPoint\",\"urlTemplate\":\"https:\\\/\\\/www.stilladrops.hu\\\/?s={search_term_string}\"},\"query-input\":{\"@type\":\"PropertyValueSpecification\",\"valueRequired\":true,\"valueName\":\"search_term_string\"}}],\"inLanguage\":\"en-US\"},{\"@type\":\"Organization\",\"@id\":\"https:\\\/\\\/www.stilladrops.hu\\\/#organization\",\"name\":\"Stilla\",\"url\":\"https:\\\/\\\/www.stilladrops.hu\\\/\",\"logo\":{\"@type\":\"ImageObject\",\"inLanguage\":\"en-US\",\"@id\":\"https:\\\/\\\/www.stilladrops.hu\\\/#\\\/schema\\\/logo\\\/image\\\/\",\"url\":\"https:\\\/\\\/www.stilladrops.hu\\\/wp-content\\\/uploads\\\/2023\\\/03\\\/favicon.jpg\",\"contentUrl\":\"https:\\\/\\\/www.stilladrops.hu\\\/wp-content\\\/uploads\\\/2023\\\/03\\\/favicon.jpg\",\"width\":150,\"height\":150,\"caption\":\"Stilla\"},\"image\":{\"@id\":\"https:\\\/\\\/www.stilladrops.hu\\\/#\\\/schema\\\/logo\\\/image\\\/\"},\"sameAs\":[\"https:\\\/\\\/www.facebook.com\\\/stillapure\",\"https:\\\/\\\/www.youtube.com\\\/@StillaPure\",\"https:\\\/\\\/www.instagram.com\\\/stilladrops\",\"https:\\\/\\\/www.linkedin.com\\\/company\\\/stilladrops\"],\"description\":\"A Stilla term\u00e9kek nemcsak innovat\u00edvak, hanem \u00e1tgondoltan emberk\u00f6zpont\u00faak is. Olyan k\u00e9sz\u00edtm\u00e9nyeket alkotunk, amelyeket mi magunk is fogyasztunk \u00e9s sz\u00edvesen adunk szeretteinknek \u2013 mert sz\u00e1munkra az eg\u00e9szs\u00e9g nem csak c\u00e9l, hanem hossz\u00fat\u00e1v\u00fa befektet\u00e9s is.\",\"email\":\"info@stilladrops.hu\",\"telephone\":\"+36 30 362 8123\",\"legalName\":\"Quattroceuticals KFT.\",\"publishingPrinciples\":\"https:\\\/\\\/www.stilladrops.hu\\\/technologia\\\/\",\"ownershipFundingInfo\":\"https:\\\/\\\/www.stilladrops.hu\\\/elerhetosegek\\\/\"}]}<\/script>\n<meta property=\"product:price:amount\" content=\"14990\" \/>\n<meta property=\"product:price:currency\" content=\"HUF\" \/>\n<meta property=\"og:availability\" content=\"instock\" \/>\n<meta property=\"product:availability\" content=\"instock\" \/>\n<meta property=\"product:condition\" content=\"new\" \/>\n<!-- \/ Yoast SEO Premium plugin. -->","yoast_head_json":{"title":"Women's Anti-Aging Beauty Elix\u00edr - Stilla","robots":{"index":"index","follow":"follow","max-snippet":"max-snippet:-1","max-image-preview":"max-image-preview:large","max-video-preview":"max-video-preview:-1"},"canonical":"https:\/\/www.stilladrops.hu\/en\/termek\/womens-anti-aging-beauty-elixir\/","og_locale":"en_US","og_type":"article","og_title":"Women's Anti-Aging Beauty Elix\u00edr","og_description":"Women's Anti-Aging Beauty Elix\u00edr \u2013 A Potent Elixir for Youthful and Firm Skin from Within  Discover your ally for radiant and youthful skin with Stilla\u2019s Women's Anti-Aging Beauty Elixir. Crafted with premium ingredients, this elixir aids in nurturing your skin's renewal and regeneration from within, ensuring your beauty remains luminous on the long run.","og_url":"https:\/\/www.stilladrops.hu\/en\/termek\/womens-anti-aging-beauty-elixir\/","og_site_name":"Stilla","article_publisher":"https:\/\/www.facebook.com\/stillapure","article_modified_time":"2026-02-10T21:29:59+00:00","og_image":[{"width":1417,"height":1417,"url":"https:\/\/www.stilladrops.hu\/wp-content\/uploads\/2025\/03\/stilla-beauty-boost.jpg","type":"image\/jpeg"}],"twitter_card":"summary_large_image","twitter_misc":{"Price":"14 990&nbsp;&#70;&#116;","Availability":"In stock"},"schema":{"@context":"https:\/\/schema.org","@graph":[{"@type":"WebPage","@id":"https:\/\/www.stilladrops.hu\/en\/termek\/womens-anti-aging-beauty-elixir\/","url":"https:\/\/www.stilladrops.hu\/en\/termek\/womens-anti-aging-beauty-elixir\/","name":"Women's Anti-Aging Beauty Elix\u00edr - Stilla","isPartOf":{"@id":"https:\/\/www.stilladrops.hu\/#website"},"primaryImageOfPage":{"@id":"https:\/\/www.stilladrops.hu\/en\/termek\/womens-anti-aging-beauty-elixir\/#primaryimage"},"image":{"@id":"https:\/\/www.stilladrops.hu\/en\/termek\/womens-anti-aging-beauty-elixir\/#primaryimage"},"thumbnailUrl":"https:\/\/www.stilladrops.hu\/wp-content\/uploads\/2025\/03\/stilla-beauty-boost.jpg","datePublished":"2025-03-04T20:57:32+00:00","dateModified":"2026-02-10T21:29:59+00:00","breadcrumb":{"@id":"https:\/\/www.stilladrops.hu\/en\/termek\/womens-anti-aging-beauty-elixir\/#breadcrumb"},"inLanguage":"en-US","potentialAction":[{"@type":"ReadAction","target":["https:\/\/www.stilladrops.hu\/en\/termek\/womens-anti-aging-beauty-elixir\/"]}]},{"@type":"ImageObject","inLanguage":"en-US","@id":"https:\/\/www.stilladrops.hu\/en\/termek\/womens-anti-aging-beauty-elixir\/#primaryimage","url":"https:\/\/www.stilladrops.hu\/wp-content\/uploads\/2025\/03\/stilla-beauty-boost.jpg","contentUrl":"https:\/\/www.stilladrops.hu\/wp-content\/uploads\/2025\/03\/stilla-beauty-boost.jpg","width":1417,"height":1417,"caption":"stilla-product-image-beauty-boost"},{"@type":"BreadcrumbList","@id":"https:\/\/www.stilladrops.hu\/en\/termek\/womens-anti-aging-beauty-elixir\/#breadcrumb","itemListElement":[{"@type":"ListItem","position":1,"name":"Kezd\u0151lap","item":"https:\/\/www.stilladrops.hu\/"},{"@type":"ListItem","position":2,"name":"Shop","item":"https:\/\/www.stilladrops.hu\/shop\/"},{"@type":"ListItem","position":3,"name":"Women&#8217;s Anti-Aging Beauty Elix\u00edr"}]},{"@type":"WebSite","@id":"https:\/\/www.stilladrops.hu\/#website","url":"https:\/\/www.stilladrops.hu\/","name":"Stilla","description":"V\u00edzalap\u00fa mikrot\u00e1panyag-cseppek a leg\u00fajabb fulvinsav-technol\u00f3gi\u00e1val.","publisher":{"@id":"https:\/\/www.stilladrops.hu\/#organization"},"potentialAction":[{"@type":"SearchAction","target":{"@type":"EntryPoint","urlTemplate":"https:\/\/www.stilladrops.hu\/?s={search_term_string}"},"query-input":{"@type":"PropertyValueSpecification","valueRequired":true,"valueName":"search_term_string"}}],"inLanguage":"en-US"},{"@type":"Organization","@id":"https:\/\/www.stilladrops.hu\/#organization","name":"Stilla","url":"https:\/\/www.stilladrops.hu\/","logo":{"@type":"ImageObject","inLanguage":"en-US","@id":"https:\/\/www.stilladrops.hu\/#\/schema\/logo\/image\/","url":"https:\/\/www.stilladrops.hu\/wp-content\/uploads\/2023\/03\/favicon.jpg","contentUrl":"https:\/\/www.stilladrops.hu\/wp-content\/uploads\/2023\/03\/favicon.jpg","width":150,"height":150,"caption":"Stilla"},"image":{"@id":"https:\/\/www.stilladrops.hu\/#\/schema\/logo\/image\/"},"sameAs":["https:\/\/www.facebook.com\/stillapure","https:\/\/www.youtube.com\/@StillaPure","https:\/\/www.instagram.com\/stilladrops","https:\/\/www.linkedin.com\/company\/stilladrops"],"description":"A Stilla term\u00e9kek nemcsak innovat\u00edvak, hanem \u00e1tgondoltan emberk\u00f6zpont\u00faak is. Olyan k\u00e9sz\u00edtm\u00e9nyeket alkotunk, amelyeket mi magunk is fogyasztunk \u00e9s sz\u00edvesen adunk szeretteinknek \u2013 mert sz\u00e1munkra az eg\u00e9szs\u00e9g nem csak c\u00e9l, hanem hossz\u00fat\u00e1v\u00fa befektet\u00e9s is.","email":"info@stilladrops.hu","telephone":"+36 30 362 8123","legalName":"Quattroceuticals KFT.","publishingPrinciples":"https:\/\/www.stilladrops.hu\/technologia\/","ownershipFundingInfo":"https:\/\/www.stilladrops.hu\/elerhetosegek\/"}]},"product_price_amount":"14990","product_price_currency":"HUF","og_availability":"instock","product_availability":"instock","product_condition":"new"},"uagb_featured_image_src":{"full":["https:\/\/www.stilladrops.hu\/wp-content\/uploads\/2025\/03\/stilla-beauty-boost.jpg",1417,1417,false],"thumbnail":["https:\/\/www.stilladrops.hu\/wp-content\/uploads\/2025\/03\/stilla-beauty-boost-150x150.jpg",150,150,true],"medium":["https:\/\/www.stilladrops.hu\/wp-content\/uploads\/2025\/03\/stilla-beauty-boost-300x300.jpg",300,300,true],"medium_large":["https:\/\/www.stilladrops.hu\/wp-content\/uploads\/2025\/03\/stilla-beauty-boost-768x768.jpg",768,768,true],"large":["https:\/\/www.stilladrops.hu\/wp-content\/uploads\/2025\/03\/stilla-beauty-boost-1024x1024.jpg",1024,1024,true],"1536x1536":["https:\/\/www.stilladrops.hu\/wp-content\/uploads\/2025\/03\/stilla-beauty-boost.jpg",1417,1417,false],"2048x2048":["https:\/\/www.stilladrops.hu\/wp-content\/uploads\/2025\/03\/stilla-beauty-boost.jpg",1417,1417,false],"100x-size":["https:\/\/www.stilladrops.hu\/wp-content\/uploads\/2025\/03\/stilla-beauty-boost-100x100.jpg",100,100,true],"138x-size":["https:\/\/www.stilladrops.hu\/wp-content\/uploads\/2025\/03\/stilla-beauty-boost-138x138.jpg",138,138,true],"woocommerce_thumbnail":["https:\/\/www.stilladrops.hu\/wp-content\/uploads\/2025\/03\/stilla-beauty-boost-386x386.jpg",386,386,true],"woocommerce_single":["https:\/\/www.stilladrops.hu\/wp-content\/uploads\/2025\/03\/stilla-beauty-boost-600x600.jpg",600,600,true],"woocommerce_gallery_thumbnail":["https:\/\/www.stilladrops.hu\/wp-content\/uploads\/2025\/03\/stilla-beauty-boost-138x138.jpg",138,138,true]},"uagb_author_info":{"display_name":"info-demo1","author_link":"https:\/\/www.stilladrops.hu\/en\/author\/"},"uagb_comment_info":9,"uagb_excerpt":"Women's Anti-Aging Beauty Elix\u00edr \u2013 A Potent Elixir for Youthful and Firm Skin from Within Discover your ally for radiant and youthful skin with Stilla\u2019s Women's Anti-Aging Beauty Elixir. Crafted with premium ingredients, this elixir aids in nurturing your skin's renewal and regeneration from within, ensuring your beauty remains luminous on the long run.","_links":{"self":[{"href":"https:\/\/www.stilladrops.hu\/en\/wp-json\/wp\/v2\/product\/2370","targetHints":{"allow":["GET"]}}],"collection":[{"href":"https:\/\/www.stilladrops.hu\/en\/wp-json\/wp\/v2\/product"}],"about":[{"href":"https:\/\/www.stilladrops.hu\/en\/wp-json\/wp\/v2\/types\/product"}],"replies":[{"embeddable":true,"href":"https:\/\/www.stilladrops.hu\/en\/wp-json\/wp\/v2\/comments?post=2370"}],"version-history":[{"count":0,"href":"https:\/\/www.stilladrops.hu\/en\/wp-json\/wp\/v2\/product\/2370\/revisions"}],"wp:featuredmedia":[{"embeddable":true,"href":"https:\/\/www.stilladrops.hu\/en\/wp-json\/wp\/v2\/media\/7012"}],"wp:attachment":[{"href":"https:\/\/www.stilladrops.hu\/en\/wp-json\/wp\/v2\/media?parent=2370"}],"wp:term":[{"taxonomy":"product_brand","embeddable":true,"href":"https:\/\/www.stilladrops.hu\/en\/wp-json\/wp\/v2\/product_brand?post=2370"},{"taxonomy":"product_cat","embeddable":true,"href":"https:\/\/www.stilladrops.hu\/en\/wp-json\/wp\/v2\/product_cat?post=2370"},{"taxonomy":"product_tag","embeddable":true,"href":"https:\/\/www.stilladrops.hu\/en\/wp-json\/wp\/v2\/product_tag?post=2370"}],"curies":[{"name":"wp","href":"https:\/\/api.w.org\/{rel}","templated":true}]}}