{"id":1337,"date":"2025-03-04T21:57:43","date_gmt":"2025-03-04T20:57:43","guid":{"rendered":"https:\/\/www.stilladrops.hu\/termek\/ferrox\/"},"modified":"2026-01-12T17:24:10","modified_gmt":"2026-01-12T16:24:10","slug":"ferrox","status":"publish","type":"product","link":"https:\/\/www.stilladrops.hu\/en\/termek\/ferrox\/","title":{"rendered":"Ferrox"},"content":{"rendered":"<h2>Stilla Ferrox<\/h2>\n<p><strong>Water-based, highly absorbable food supplement drops.<\/strong><\/p>\n<p>It is important to be aware that some groups of people are particularly prone to iron deficiency:<\/p>\n<ul>\n<li>Women (especially if menstruation is associated with heavy bleeding)<\/li>\n<li>athletes<\/li>\n<li>dieters (dieting, &#8216;elimination&#8217; diets &#8211; e.g. vegetarianism, veganism).<\/li>\n<\/ul>\n<p>However, as stress is also an important risk factor, it is a good idea for everyone to check from time to time that they have enough iron in their blood to supply cells with the right amount of oxygen. The good news is that a three-month course of iron therapy can help to manage iron deficiency symptoms and eliminate anemia in most cases.<\/p>\n<p>In addition to iron, Stilla Ferrox also contains high-purity fulvic acids, which ensure that the iron remains in an organic complex until it is absorbed into the body. The iron contained in Ferrox drops is thus utilized by the body at an extremely high rate and is maintained in the correct oxidation state, as only Fe2+ can transport oxygen &#8211; therefore not a drop is wasted.<\/p>\n<p><strong>Recommended Intake:<\/strong> for best absorption, it is recommended to be taken in the morning, mixed with water. To optimize absorption avoid acidic and caffeinated beverages for one hour before and after consumption.<br \/>\nAvoid simultaneous intake of antibiotics and iron. Iron impedes antibiotic absorption, potentially delaying expected recovery.<br \/>\nIf you&#8217;re using analgesics or anti-inflammatory medications, note that their active ingredients might harm the gastrointestinal lining in the presence of iron.<br \/>\nFor best absorption do not combine iron with other dietary supplements.<\/p>\n<p><em>* Iron deficiency and anemia can have a whole range of other symptoms, but none of them are exclusive to this condition. This is why it is important to first diagnose iron deficiency by taking a blood test before starting an iron supplement.<\/em><\/p>\n<div class=\"fl-builder-content fl-builder-content-689 fl-builder-template fl-builder-row-template fl-builder-global-templates-locked\" data-post-id=\"689\"><div class=\"fl-row fl-row-full-width fl-row-bg-none fl-node-hsk4zvyp52on fl-row-default-height fl-row-align-center\" data-node=\"hsk4zvyp52on\">\n\t<div class=\"fl-row-content-wrap\">\n\t\t\t\t\t\t<div class=\"fl-row-content fl-row-fixed-width fl-node-content\">\n\t\t\n<div class=\"fl-col-group fl-node-5voa2zf67ytx\" data-node=\"5voa2zf67ytx\">\n\t\t\t<div class=\"fl-col fl-node-aj2oqnpdxu14 fl-col-bg-color fl-col-small\" data-node=\"aj2oqnpdxu14\">\n\t<div class=\"fl-col-content fl-node-content\"><\/div>\n<\/div>\n\t\t\t<div class=\"fl-col fl-node-mkbqnc6e5vla fl-col-bg-color fl-col-small\" data-node=\"mkbqnc6e5vla\">\n\t<div class=\"fl-col-content fl-node-content\"><div class=\"fl-module fl-module-photo fl-node-zuyo3q0hifwd\" data-node=\"zuyo3q0hifwd\">\n\t<div class=\"fl-module-content fl-node-content\">\n\t\t<div class=\"fl-photo fl-photo-align-center\" itemscope itemtype=\"https:\/\/schema.org\/ImageObject\">\n\t<div class=\"fl-photo-content fl-photo-img-png\">\n\t\t\t\t<img decoding=\"async\" class=\"fl-photo-img wp-image-699 size-thumbnail\" src=\"https:\/\/www.stilladrops.hu\/wp-content\/uploads\/2023\/03\/vegan-150x150.png\" alt=\"vegan\" itemprop=\"image\" height=\"150\" width=\"150\" title=\"vegan\" srcset=\"https:\/\/www.stilladrops.hu\/wp-content\/uploads\/2023\/03\/vegan-150x150.png 150w, https:\/\/www.stilladrops.hu\/wp-content\/uploads\/2023\/03\/vegan-100x100.png 100w, https:\/\/www.stilladrops.hu\/wp-content\/uploads\/2023\/03\/vegan-138x138.png 138w\" sizes=\"(max-width: 150px) 100vw, 150px\" \/>\n\t\t\t\t\t<\/div>\n\t<\/div>\n\t<\/div>\n<\/div>\n<\/div>\n<\/div>\n\t\t\t<div class=\"fl-col fl-node-ua1k6hpi3mc9 fl-col-bg-color fl-col-small\" data-node=\"ua1k6hpi3mc9\">\n\t<div class=\"fl-col-content fl-node-content\"><div class=\"fl-module fl-module-photo fl-node-6hnj4vdpqbsm\" data-node=\"6hnj4vdpqbsm\">\n\t<div class=\"fl-module-content fl-node-content\">\n\t\t<div class=\"fl-photo fl-photo-align-center\" itemscope itemtype=\"https:\/\/schema.org\/ImageObject\">\n\t<div class=\"fl-photo-content fl-photo-img-png\">\n\t\t\t\t<img decoding=\"async\" class=\"fl-photo-img wp-image-698 size-thumbnail\" src=\"https:\/\/www.stilladrops.hu\/wp-content\/uploads\/2023\/03\/natural-150x150.png\" alt=\"natural\" itemprop=\"image\" height=\"150\" width=\"150\" title=\"natural\" srcset=\"https:\/\/www.stilladrops.hu\/wp-content\/uploads\/2023\/03\/natural-150x150.png 150w, https:\/\/www.stilladrops.hu\/wp-content\/uploads\/2023\/03\/natural-138x138.png 138w, https:\/\/www.stilladrops.hu\/wp-content\/uploads\/2023\/03\/natural-100x100.png 100w, https:\/\/www.stilladrops.hu\/wp-content\/uploads\/2023\/03\/natural.png 260w\" sizes=\"(max-width: 150px) 100vw, 150px\" \/>\n\t\t\t\t\t<\/div>\n\t<\/div>\n\t<\/div>\n<\/div>\n<\/div>\n<\/div>\n\t\t\t<div class=\"fl-col fl-node-mgisb49rutl2 fl-col-bg-color fl-col-small\" data-node=\"mgisb49rutl2\">\n\t<div class=\"fl-col-content fl-node-content\"><div class=\"fl-module fl-module-photo fl-node-20e8k67gmtfy\" data-node=\"20e8k67gmtfy\">\n\t<div class=\"fl-module-content fl-node-content\">\n\t\t<div class=\"fl-photo fl-photo-align-center\" itemscope itemtype=\"https:\/\/schema.org\/ImageObject\">\n\t<div class=\"fl-photo-content fl-photo-img-png\">\n\t\t\t\t<img decoding=\"async\" class=\"fl-photo-img wp-image-697 size-thumbnail\" src=\"https:\/\/www.stilladrops.hu\/wp-content\/uploads\/2023\/03\/alcohol-150x150.png\" alt=\"alcohol\" itemprop=\"image\" height=\"150\" width=\"150\" title=\"alcohol\" srcset=\"https:\/\/www.stilladrops.hu\/wp-content\/uploads\/2023\/03\/alcohol-150x150.png 150w, https:\/\/www.stilladrops.hu\/wp-content\/uploads\/2023\/03\/alcohol-100x100.png 100w, https:\/\/www.stilladrops.hu\/wp-content\/uploads\/2023\/03\/alcohol-138x138.png 138w\" sizes=\"(max-width: 150px) 100vw, 150px\" \/>\n\t\t\t\t\t<\/div>\n\t<\/div>\n\t<\/div>\n<\/div>\n<\/div>\n<\/div>\n\t\t\t<div class=\"fl-col fl-node-arqm64fxd3tv fl-col-bg-color fl-col-small\" data-node=\"arqm64fxd3tv\">\n\t<div class=\"fl-col-content fl-node-content\"><\/div>\n<\/div>\n\t<\/div>\n\t\t<\/div>\n\t<\/div>\n<\/div>\n<\/div>\n<div id=\"gtx-trans\" style=\"position: absolute; left: -38px; top: 396.844px;\">\n<div class=\"gtx-trans-icon\"><\/div>\n<\/div>\n","protected":false},"excerpt":{"rendered":"<p>One of the most important functions of iron in the body is to transport oxygen. If our body is low in iron (iron deficiency, anaemia), one of the typical symptoms is that we get tired very quickly even from small activities &#8211; because the organs do not get the oxygen they need, they &#8220;don&#8217;t get enough air&#8221;.<\/p>\n","protected":false},"featured_media":7582,"comment_status":"open","ping_status":"closed","template":"","meta":{"_uag_custom_page_level_css":"","site-sidebar-layout":"default","site-content-layout":"default","ast-site-content-layout":"default","site-content-style":"default","site-sidebar-style":"default","ast-global-header-display":"","ast-banner-title-visibility":"","ast-main-header-display":"","ast-hfb-above-header-display":"","ast-hfb-below-header-display":"","ast-hfb-mobile-header-display":"","site-post-title":"","ast-breadcrumbs-content":"","ast-featured-img":"","footer-sml-layout":"","ast-disable-related-posts":"","theme-transparent-header-meta":"default","adv-header-id-meta":"","stick-header-meta":"default","header-above-stick-meta":"","header-main-stick-meta":"","header-below-stick-meta":"","astra-migrate-meta-layouts":"set","ast-page-background-enabled":"default","ast-page-background-meta":{"desktop":{"background-color":"","background-image":"","background-repeat":"repeat","background-position":"center center","background-size":"auto","background-attachment":"scroll","background-type":"","background-media":"","overlay-type":"","overlay-color":"","overlay-opacity":"","overlay-gradient":""},"tablet":{"background-color":"","background-image":"","background-repeat":"repeat","background-position":"center center","background-size":"auto","background-attachment":"scroll","background-type":"","background-media":"","overlay-type":"","overlay-color":"","overlay-opacity":"","overlay-gradient":""},"mobile":{"background-color":"","background-image":"","background-repeat":"repeat","background-position":"center center","background-size":"auto","background-attachment":"scroll","background-type":"","background-media":"","overlay-type":"","overlay-color":"","overlay-opacity":"","overlay-gradient":""}},"ast-content-background-meta":{"desktop":{"background-color":"var(--ast-global-color-5)","background-image":"","background-repeat":"repeat","background-position":"center center","background-size":"auto","background-attachment":"scroll","background-type":"","background-media":"","overlay-type":"","overlay-color":"","overlay-opacity":"","overlay-gradient":""},"tablet":{"background-color":"var(--ast-global-color-5)","background-image":"","background-repeat":"repeat","background-position":"center center","background-size":"auto","background-attachment":"scroll","background-type":"","background-media":"","overlay-type":"","overlay-color":"","overlay-opacity":"","overlay-gradient":""},"mobile":{"background-color":"var(--ast-global-color-5)","background-image":"","background-repeat":"repeat","background-position":"center center","background-size":"auto","background-attachment":"scroll","background-type":"","background-media":"","overlay-type":"","overlay-color":"","overlay-opacity":"","overlay-gradient":""}}},"product_brand":[],"product_cat":[],"product_tag":[55],"class_list":{"0":"post-1337","1":"product","2":"type-product","3":"status-publish","4":"has-post-thumbnail","6":"product_tag-stilladrops-en","7":"desktop-align-center","8":"tablet-align-left","9":"mobile-align-center","10":"ast-product-gallery-layout-horizontal-slider","11":"ast-product-tabs-layout-horizontal","13":"first","14":"instock","15":"taxable","16":"shipping-taxable","17":"purchasable","18":"product-type-simple"},"yoast_head":"<!-- This site is optimized with the Yoast SEO Premium plugin v27.5 (Yoast SEO v27.5) - https:\/\/yoast.com\/product\/yoast-seo-premium-wordpress\/ -->\n<title>Ferrox - Stilla<\/title>\n<meta name=\"robots\" content=\"index, follow, max-snippet:-1, max-image-preview:large, max-video-preview:-1\" \/>\n<link rel=\"canonical\" href=\"https:\/\/www.stilladrops.hu\/en\/termek\/ferrox\/\" \/>\n<meta property=\"og:locale\" content=\"en_US\" \/>\n<meta property=\"og:type\" content=\"article\" \/>\n<meta property=\"og:title\" content=\"Ferrox\" \/>\n<meta property=\"og:description\" content=\"One of the most important functions of iron in the body is to transport oxygen. If our body is low in iron (iron deficiency, anaemia), one of the typical symptoms is that we get tired very quickly even from small activities - because the organs do not get the oxygen they need, they &quot;don&#039;t get enough air&quot;.\" \/>\n<meta property=\"og:url\" content=\"https:\/\/www.stilladrops.hu\/en\/termek\/ferrox\/\" \/>\n<meta property=\"og:site_name\" content=\"Stilla\" \/>\n<meta property=\"article:publisher\" content=\"https:\/\/www.facebook.com\/stillapure\" \/>\n<meta property=\"article:modified_time\" content=\"2026-01-12T16:24:10+00:00\" \/>\n<meta property=\"og:image\" content=\"https:\/\/www.stilladrops.hu\/wp-content\/uploads\/2024\/03\/webshop_cdzn_0004_webshop_ferrox.webp\" \/>\n\t<meta property=\"og:image:width\" content=\"285\" \/>\n\t<meta property=\"og:image:height\" content=\"315\" \/>\n\t<meta property=\"og:image:type\" content=\"image\/webp\" \/>\n<meta name=\"twitter:card\" content=\"summary_large_image\" \/>\n<meta name=\"twitter:label1\" content=\"Price\" \/>\n\t<meta name=\"twitter:data1\" content=\"5 990&nbsp;&#070;&#116;\" \/>\n\t<meta name=\"twitter:label2\" content=\"Availability\" \/>\n\t<meta name=\"twitter:data2\" content=\"In stock\" \/>\n<script type=\"application\/ld+json\" class=\"yoast-schema-graph\">{\"@context\":\"https:\\\/\\\/schema.org\",\"@graph\":[{\"@type\":\"WebPage\",\"@id\":\"https:\\\/\\\/www.stilladrops.hu\\\/en\\\/termek\\\/ferrox\\\/\",\"url\":\"https:\\\/\\\/www.stilladrops.hu\\\/en\\\/termek\\\/ferrox\\\/\",\"name\":\"Ferrox - Stilla\",\"isPartOf\":{\"@id\":\"https:\\\/\\\/www.stilladrops.hu\\\/#website\"},\"primaryImageOfPage\":{\"@id\":\"https:\\\/\\\/www.stilladrops.hu\\\/en\\\/termek\\\/ferrox\\\/#primaryimage\"},\"image\":{\"@id\":\"https:\\\/\\\/www.stilladrops.hu\\\/en\\\/termek\\\/ferrox\\\/#primaryimage\"},\"thumbnailUrl\":\"https:\\\/\\\/www.stilladrops.hu\\\/wp-content\\\/uploads\\\/2025\\\/03\\\/Ferrox_500X500_uvegdoboz.jpg\",\"datePublished\":\"2025-03-04T20:57:43+00:00\",\"dateModified\":\"2026-01-12T16:24:10+00:00\",\"breadcrumb\":{\"@id\":\"https:\\\/\\\/www.stilladrops.hu\\\/en\\\/termek\\\/ferrox\\\/#breadcrumb\"},\"inLanguage\":\"en-US\",\"potentialAction\":[{\"@type\":\"ReadAction\",\"target\":[\"https:\\\/\\\/www.stilladrops.hu\\\/en\\\/termek\\\/ferrox\\\/\"]}]},{\"@type\":\"ImageObject\",\"inLanguage\":\"en-US\",\"@id\":\"https:\\\/\\\/www.stilladrops.hu\\\/en\\\/termek\\\/ferrox\\\/#primaryimage\",\"url\":\"https:\\\/\\\/www.stilladrops.hu\\\/wp-content\\\/uploads\\\/2025\\\/03\\\/Ferrox_500X500_uvegdoboz.jpg\",\"contentUrl\":\"https:\\\/\\\/www.stilladrops.hu\\\/wp-content\\\/uploads\\\/2025\\\/03\\\/Ferrox_500X500_uvegdoboz.jpg\",\"width\":500,\"height\":500,\"caption\":\"stilla-product-image-ferrox\"},{\"@type\":\"BreadcrumbList\",\"@id\":\"https:\\\/\\\/www.stilladrops.hu\\\/en\\\/termek\\\/ferrox\\\/#breadcrumb\",\"itemListElement\":[{\"@type\":\"ListItem\",\"position\":1,\"name\":\"Kezd\u0151lap\",\"item\":\"https:\\\/\\\/www.stilladrops.hu\\\/\"},{\"@type\":\"ListItem\",\"position\":2,\"name\":\"Shop\",\"item\":\"https:\\\/\\\/www.stilladrops.hu\\\/shop\\\/\"},{\"@type\":\"ListItem\",\"position\":3,\"name\":\"Ferrox\"}]},{\"@type\":\"WebSite\",\"@id\":\"https:\\\/\\\/www.stilladrops.hu\\\/#website\",\"url\":\"https:\\\/\\\/www.stilladrops.hu\\\/\",\"name\":\"Stilla\",\"description\":\"V\u00edzalap\u00fa mikrot\u00e1panyag-cseppek a leg\u00fajabb fulvinsav-technol\u00f3gi\u00e1val.\",\"publisher\":{\"@id\":\"https:\\\/\\\/www.stilladrops.hu\\\/#organization\"},\"potentialAction\":[{\"@type\":\"SearchAction\",\"target\":{\"@type\":\"EntryPoint\",\"urlTemplate\":\"https:\\\/\\\/www.stilladrops.hu\\\/?s={search_term_string}\"},\"query-input\":{\"@type\":\"PropertyValueSpecification\",\"valueRequired\":true,\"valueName\":\"search_term_string\"}}],\"inLanguage\":\"en-US\"},{\"@type\":\"Organization\",\"@id\":\"https:\\\/\\\/www.stilladrops.hu\\\/#organization\",\"name\":\"Stilla\",\"url\":\"https:\\\/\\\/www.stilladrops.hu\\\/\",\"logo\":{\"@type\":\"ImageObject\",\"inLanguage\":\"en-US\",\"@id\":\"https:\\\/\\\/www.stilladrops.hu\\\/#\\\/schema\\\/logo\\\/image\\\/\",\"url\":\"https:\\\/\\\/www.stilladrops.hu\\\/wp-content\\\/uploads\\\/2023\\\/03\\\/favicon.jpg\",\"contentUrl\":\"https:\\\/\\\/www.stilladrops.hu\\\/wp-content\\\/uploads\\\/2023\\\/03\\\/favicon.jpg\",\"width\":150,\"height\":150,\"caption\":\"Stilla\"},\"image\":{\"@id\":\"https:\\\/\\\/www.stilladrops.hu\\\/#\\\/schema\\\/logo\\\/image\\\/\"},\"sameAs\":[\"https:\\\/\\\/www.facebook.com\\\/stillapure\",\"https:\\\/\\\/www.youtube.com\\\/@StillaPure\",\"https:\\\/\\\/www.instagram.com\\\/stilladrops\",\"https:\\\/\\\/www.linkedin.com\\\/company\\\/stilladrops\"],\"description\":\"A Stilla term\u00e9kek nemcsak innovat\u00edvak, hanem \u00e1tgondoltan emberk\u00f6zpont\u00faak is. Olyan k\u00e9sz\u00edtm\u00e9nyeket alkotunk, amelyeket mi magunk is fogyasztunk \u00e9s sz\u00edvesen adunk szeretteinknek \u2013 mert sz\u00e1munkra az eg\u00e9szs\u00e9g nem csak c\u00e9l, hanem hossz\u00fat\u00e1v\u00fa befektet\u00e9s is.\",\"email\":\"info@stilladrops.hu\",\"telephone\":\"+36 30 362 8123\",\"legalName\":\"Quattroceuticals KFT.\",\"publishingPrinciples\":\"https:\\\/\\\/www.stilladrops.hu\\\/technologia\\\/\",\"ownershipFundingInfo\":\"https:\\\/\\\/www.stilladrops.hu\\\/elerhetosegek\\\/\"}]}<\/script>\n<meta property=\"product:price:amount\" content=\"5990\" \/>\n<meta property=\"product:price:currency\" content=\"HUF\" \/>\n<meta property=\"og:availability\" content=\"instock\" \/>\n<meta property=\"product:availability\" content=\"instock\" \/>\n<meta property=\"product:condition\" content=\"new\" \/>\n<!-- \/ Yoast SEO Premium plugin. -->","yoast_head_json":{"title":"Ferrox - Stilla","robots":{"index":"index","follow":"follow","max-snippet":"max-snippet:-1","max-image-preview":"max-image-preview:large","max-video-preview":"max-video-preview:-1"},"canonical":"https:\/\/www.stilladrops.hu\/en\/termek\/ferrox\/","og_locale":"en_US","og_type":"article","og_title":"Ferrox","og_description":"One of the most important functions of iron in the body is to transport oxygen. If our body is low in iron (iron deficiency, anaemia), one of the typical symptoms is that we get tired very quickly even from small activities - because the organs do not get the oxygen they need, they \"don't get enough air\".","og_url":"https:\/\/www.stilladrops.hu\/en\/termek\/ferrox\/","og_site_name":"Stilla","article_publisher":"https:\/\/www.facebook.com\/stillapure","article_modified_time":"2026-01-12T16:24:10+00:00","og_image":[{"width":285,"height":315,"url":"https:\/\/www.stilladrops.hu\/wp-content\/uploads\/2024\/03\/webshop_cdzn_0004_webshop_ferrox.webp","type":"image\/webp"}],"twitter_card":"summary_large_image","twitter_misc":{"Price":"5 990&nbsp;&#70;&#116;","Availability":"In stock"},"schema":{"@context":"https:\/\/schema.org","@graph":[{"@type":"WebPage","@id":"https:\/\/www.stilladrops.hu\/en\/termek\/ferrox\/","url":"https:\/\/www.stilladrops.hu\/en\/termek\/ferrox\/","name":"Ferrox - Stilla","isPartOf":{"@id":"https:\/\/www.stilladrops.hu\/#website"},"primaryImageOfPage":{"@id":"https:\/\/www.stilladrops.hu\/en\/termek\/ferrox\/#primaryimage"},"image":{"@id":"https:\/\/www.stilladrops.hu\/en\/termek\/ferrox\/#primaryimage"},"thumbnailUrl":"https:\/\/www.stilladrops.hu\/wp-content\/uploads\/2025\/03\/Ferrox_500X500_uvegdoboz.jpg","datePublished":"2025-03-04T20:57:43+00:00","dateModified":"2026-01-12T16:24:10+00:00","breadcrumb":{"@id":"https:\/\/www.stilladrops.hu\/en\/termek\/ferrox\/#breadcrumb"},"inLanguage":"en-US","potentialAction":[{"@type":"ReadAction","target":["https:\/\/www.stilladrops.hu\/en\/termek\/ferrox\/"]}]},{"@type":"ImageObject","inLanguage":"en-US","@id":"https:\/\/www.stilladrops.hu\/en\/termek\/ferrox\/#primaryimage","url":"https:\/\/www.stilladrops.hu\/wp-content\/uploads\/2025\/03\/Ferrox_500X500_uvegdoboz.jpg","contentUrl":"https:\/\/www.stilladrops.hu\/wp-content\/uploads\/2025\/03\/Ferrox_500X500_uvegdoboz.jpg","width":500,"height":500,"caption":"stilla-product-image-ferrox"},{"@type":"BreadcrumbList","@id":"https:\/\/www.stilladrops.hu\/en\/termek\/ferrox\/#breadcrumb","itemListElement":[{"@type":"ListItem","position":1,"name":"Kezd\u0151lap","item":"https:\/\/www.stilladrops.hu\/"},{"@type":"ListItem","position":2,"name":"Shop","item":"https:\/\/www.stilladrops.hu\/shop\/"},{"@type":"ListItem","position":3,"name":"Ferrox"}]},{"@type":"WebSite","@id":"https:\/\/www.stilladrops.hu\/#website","url":"https:\/\/www.stilladrops.hu\/","name":"Stilla","description":"V\u00edzalap\u00fa mikrot\u00e1panyag-cseppek a leg\u00fajabb fulvinsav-technol\u00f3gi\u00e1val.","publisher":{"@id":"https:\/\/www.stilladrops.hu\/#organization"},"potentialAction":[{"@type":"SearchAction","target":{"@type":"EntryPoint","urlTemplate":"https:\/\/www.stilladrops.hu\/?s={search_term_string}"},"query-input":{"@type":"PropertyValueSpecification","valueRequired":true,"valueName":"search_term_string"}}],"inLanguage":"en-US"},{"@type":"Organization","@id":"https:\/\/www.stilladrops.hu\/#organization","name":"Stilla","url":"https:\/\/www.stilladrops.hu\/","logo":{"@type":"ImageObject","inLanguage":"en-US","@id":"https:\/\/www.stilladrops.hu\/#\/schema\/logo\/image\/","url":"https:\/\/www.stilladrops.hu\/wp-content\/uploads\/2023\/03\/favicon.jpg","contentUrl":"https:\/\/www.stilladrops.hu\/wp-content\/uploads\/2023\/03\/favicon.jpg","width":150,"height":150,"caption":"Stilla"},"image":{"@id":"https:\/\/www.stilladrops.hu\/#\/schema\/logo\/image\/"},"sameAs":["https:\/\/www.facebook.com\/stillapure","https:\/\/www.youtube.com\/@StillaPure","https:\/\/www.instagram.com\/stilladrops","https:\/\/www.linkedin.com\/company\/stilladrops"],"description":"A Stilla term\u00e9kek nemcsak innovat\u00edvak, hanem \u00e1tgondoltan emberk\u00f6zpont\u00faak is. Olyan k\u00e9sz\u00edtm\u00e9nyeket alkotunk, amelyeket mi magunk is fogyasztunk \u00e9s sz\u00edvesen adunk szeretteinknek \u2013 mert sz\u00e1munkra az eg\u00e9szs\u00e9g nem csak c\u00e9l, hanem hossz\u00fat\u00e1v\u00fa befektet\u00e9s is.","email":"info@stilladrops.hu","telephone":"+36 30 362 8123","legalName":"Quattroceuticals KFT.","publishingPrinciples":"https:\/\/www.stilladrops.hu\/technologia\/","ownershipFundingInfo":"https:\/\/www.stilladrops.hu\/elerhetosegek\/"}]},"product_price_amount":"5990","product_price_currency":"HUF","og_availability":"instock","product_availability":"instock","product_condition":"new"},"uagb_featured_image_src":{"full":["https:\/\/www.stilladrops.hu\/wp-content\/uploads\/2025\/03\/Ferrox_500X500_uvegdoboz.jpg",500,500,false],"thumbnail":["https:\/\/www.stilladrops.hu\/wp-content\/uploads\/2025\/03\/Ferrox_500X500_uvegdoboz-150x150.jpg",150,150,true],"medium":["https:\/\/www.stilladrops.hu\/wp-content\/uploads\/2025\/03\/Ferrox_500X500_uvegdoboz-300x300.jpg",300,300,true],"medium_large":["https:\/\/www.stilladrops.hu\/wp-content\/uploads\/2025\/03\/Ferrox_500X500_uvegdoboz.jpg",500,500,false],"large":["https:\/\/www.stilladrops.hu\/wp-content\/uploads\/2025\/03\/Ferrox_500X500_uvegdoboz.jpg",500,500,false],"1536x1536":["https:\/\/www.stilladrops.hu\/wp-content\/uploads\/2025\/03\/Ferrox_500X500_uvegdoboz.jpg",500,500,false],"2048x2048":["https:\/\/www.stilladrops.hu\/wp-content\/uploads\/2025\/03\/Ferrox_500X500_uvegdoboz.jpg",500,500,false],"100x-size":["https:\/\/www.stilladrops.hu\/wp-content\/uploads\/2025\/03\/Ferrox_500X500_uvegdoboz-100x100.jpg",100,100,true],"138x-size":["https:\/\/www.stilladrops.hu\/wp-content\/uploads\/2025\/03\/Ferrox_500X500_uvegdoboz-138x138.jpg",138,138,true],"woocommerce_thumbnail":["https:\/\/www.stilladrops.hu\/wp-content\/uploads\/2025\/03\/Ferrox_500X500_uvegdoboz-386x386.jpg",386,386,true],"woocommerce_single":["https:\/\/www.stilladrops.hu\/wp-content\/uploads\/2025\/03\/Ferrox_500X500_uvegdoboz.jpg",500,500,false],"woocommerce_gallery_thumbnail":["https:\/\/www.stilladrops.hu\/wp-content\/uploads\/2025\/03\/Ferrox_500X500_uvegdoboz-138x138.jpg",138,138,true]},"uagb_author_info":{"display_name":"info-demo1","author_link":"https:\/\/www.stilladrops.hu\/en\/author\/"},"uagb_comment_info":1,"uagb_excerpt":"One of the most important functions of iron in the body is to transport oxygen. If our body is low in iron (iron deficiency, anaemia), one of the typical symptoms is that we get tired very quickly even from small activities - because the organs do not get the oxygen they need, they \"don't get&hellip;","_links":{"self":[{"href":"https:\/\/www.stilladrops.hu\/en\/wp-json\/wp\/v2\/product\/1337","targetHints":{"allow":["GET"]}}],"collection":[{"href":"https:\/\/www.stilladrops.hu\/en\/wp-json\/wp\/v2\/product"}],"about":[{"href":"https:\/\/www.stilladrops.hu\/en\/wp-json\/wp\/v2\/types\/product"}],"replies":[{"embeddable":true,"href":"https:\/\/www.stilladrops.hu\/en\/wp-json\/wp\/v2\/comments?post=1337"}],"version-history":[{"count":0,"href":"https:\/\/www.stilladrops.hu\/en\/wp-json\/wp\/v2\/product\/1337\/revisions"}],"wp:featuredmedia":[{"embeddable":true,"href":"https:\/\/www.stilladrops.hu\/en\/wp-json\/wp\/v2\/media\/7582"}],"wp:attachment":[{"href":"https:\/\/www.stilladrops.hu\/en\/wp-json\/wp\/v2\/media?parent=1337"}],"wp:term":[{"taxonomy":"product_brand","embeddable":true,"href":"https:\/\/www.stilladrops.hu\/en\/wp-json\/wp\/v2\/product_brand?post=1337"},{"taxonomy":"product_cat","embeddable":true,"href":"https:\/\/www.stilladrops.hu\/en\/wp-json\/wp\/v2\/product_cat?post=1337"},{"taxonomy":"product_tag","embeddable":true,"href":"https:\/\/www.stilladrops.hu\/en\/wp-json\/wp\/v2\/product_tag?post=1337"}],"curies":[{"name":"wp","href":"https:\/\/api.w.org\/{rel}","templated":true}]}}