{"id":2427,"date":"2024-03-07T18:17:27","date_gmt":"2024-03-07T17:17:27","guid":{"rendered":"https:\/\/www.stilladrops.hu\/akcio\/"},"modified":"2024-03-08T10:33:22","modified_gmt":"2024-03-08T09:33:22","slug":"sale","status":"publish","type":"page","link":"https:\/\/www.stilladrops.hu\/en\/sale\/","title":{"rendered":"Sale"},"content":{"rendered":"\n<h2>\n\t\tSale\n\t<\/h2>\n\t\t\t<ul>\n<li id=\"woopack-product-2370\"  data-product-id=\"2370\">\n\t<a href=\"https:\/\/www.stilladrops.hu\/en\/termek\/womens-anti-aging-beauty-elixir\/\" rel=\"bookmark\" title=\"Women&#8217;s Anti-Aging Beauty Elix\u00edr\">\n\t\t\t<img loading=\"lazy\" width=\"300\" height=\"300\" src=\"https:\/\/www.stilladrops.hu\/wp-content\/uploads\/2024\/03\/womensbeauty-300x300.png\" alt=\"\" data-no-lazy=\"1\" decoding=\"async\" loading=\"lazy\" srcset=\"https:\/\/www.stilladrops.hu\/wp-content\/uploads\/2024\/03\/womensbeauty-300x300.png 300w, https:\/\/www.stilladrops.hu\/wp-content\/uploads\/2024\/03\/womensbeauty-1024x1024.png 1024w, https:\/\/www.stilladrops.hu\/wp-content\/uploads\/2024\/03\/womensbeauty-150x150.png 150w, https:\/\/www.stilladrops.hu\/wp-content\/uploads\/2024\/03\/womensbeauty-768x768.png 768w, https:\/\/www.stilladrops.hu\/wp-content\/uploads\/2024\/03\/womensbeauty-100x100.png 100w, https:\/\/www.stilladrops.hu\/wp-content\/uploads\/2024\/03\/womensbeauty-138x138.png 138w, https:\/\/www.stilladrops.hu\/wp-content\/uploads\/2024\/03\/womensbeauty-386x386.png 386w, https:\/\/www.stilladrops.hu\/wp-content\/uploads\/2024\/03\/womensbeauty-600x600.png 600w, https:\/\/www.stilladrops.hu\/wp-content\/uploads\/2024\/03\/womensbeauty.png 1080w\" sizes=\"auto, (max-width: 300px) 100vw, 300px\" \/>\n\t\t\t\t\t<\/a>\n<h2>\n\t<a href=\"https:\/\/www.stilladrops.hu\/en\/termek\/womens-anti-aging-beauty-elixir\/\" rel=\"bookmark\" title=\"Women&#8217;s Anti-Aging Beauty Elix\u00edr\">\n\t\tWomen&#8217;s Anti-Aging Beauty Elix\u00edr\t<\/a>\n<\/h2>\nRated <strong>5.00<\/strong> out of 5\n\t<del aria-hidden=\"true\"><bdi>14 990&nbsp;&#70;&#116;<\/bdi><\/del> <ins><bdi>10 312&nbsp;&#70;&#116;<\/bdi><\/ins>\n\t\t<a rel=\"nofollow noopener\" href=\"?add-to-cart=2370\" target=\"_self\" data-quantity=\"1\" data-product_id=\"2370\" data-product_sku=\"\" data-woopack=\"true\" aria-label=\"Add to cart: &ldquo;Women&#039;s Anti-Aging Beauty Elix\u00edr&rdquo;\">Add to cart<\/a>\n<\/li>\n<li id=\"woopack-product-2366\"  data-product-id=\"2366\">\n\t<a href=\"https:\/\/www.stilladrops.hu\/en\/termek\/menodiva\/\" rel=\"bookmark\" title=\"MenoD\u00edva\">\n\t\t\t<img loading=\"lazy\" width=\"300\" height=\"300\" src=\"https:\/\/www.stilladrops.hu\/wp-content\/uploads\/2024\/03\/menodiva-300x300.png\" alt=\"\" data-no-lazy=\"1\" decoding=\"async\" loading=\"lazy\" srcset=\"https:\/\/www.stilladrops.hu\/wp-content\/uploads\/2024\/03\/menodiva-300x300.png 300w, https:\/\/www.stilladrops.hu\/wp-content\/uploads\/2024\/03\/menodiva-1024x1024.png 1024w, https:\/\/www.stilladrops.hu\/wp-content\/uploads\/2024\/03\/menodiva-150x150.png 150w, https:\/\/www.stilladrops.hu\/wp-content\/uploads\/2024\/03\/menodiva-768x768.png 768w, https:\/\/www.stilladrops.hu\/wp-content\/uploads\/2024\/03\/menodiva-100x100.png 100w, https:\/\/www.stilladrops.hu\/wp-content\/uploads\/2024\/03\/menodiva-138x138.png 138w, https:\/\/www.stilladrops.hu\/wp-content\/uploads\/2024\/03\/menodiva-386x386.png 386w, https:\/\/www.stilladrops.hu\/wp-content\/uploads\/2024\/03\/menodiva-600x600.png 600w, https:\/\/www.stilladrops.hu\/wp-content\/uploads\/2024\/03\/menodiva.png 1080w\" sizes=\"auto, (max-width: 300px) 100vw, 300px\" \/>\n\t\t\t\t\t<\/a>\n<h2>\n\t<a href=\"https:\/\/www.stilladrops.hu\/en\/termek\/menodiva\/\" rel=\"bookmark\" title=\"MenoD\u00edva\">\n\t\tMenoD\u00edva\t<\/a>\n<\/h2>\nRated <strong>5.00<\/strong> out of 5\n\t<del aria-hidden=\"true\"><bdi>12 890&nbsp;&#70;&#116;<\/bdi><\/del> <ins><bdi>10 312&nbsp;&#70;&#116;<\/bdi><\/ins>\n\t\t<a rel=\"nofollow noopener\" href=\"?add-to-cart=2366\" target=\"_self\" data-quantity=\"1\" data-product_id=\"2366\" data-product_sku=\"\" data-woopack=\"true\" aria-label=\"Add to cart: &ldquo;MenoD\u00edva&rdquo;\">Add to cart<\/a>\n<\/li>\n<li id=\"woopack-product-2362\"  data-product-id=\"2362\">\n\t<a href=\"https:\/\/www.stilladrops.hu\/en\/termek\/strong-hair-elixir\/\" rel=\"bookmark\" title=\"Strong Hair Elixir\">\n\t\t\t<img loading=\"lazy\" width=\"300\" height=\"300\" src=\"https:\/\/www.stilladrops.hu\/wp-content\/uploads\/2024\/03\/stronghair-300x300.png\" alt=\"\" data-no-lazy=\"1\" decoding=\"async\" loading=\"lazy\" srcset=\"https:\/\/www.stilladrops.hu\/wp-content\/uploads\/2024\/03\/stronghair-300x300.png 300w, https:\/\/www.stilladrops.hu\/wp-content\/uploads\/2024\/03\/stronghair-1024x1024.png 1024w, https:\/\/www.stilladrops.hu\/wp-content\/uploads\/2024\/03\/stronghair-150x150.png 150w, https:\/\/www.stilladrops.hu\/wp-content\/uploads\/2024\/03\/stronghair-768x768.png 768w, https:\/\/www.stilladrops.hu\/wp-content\/uploads\/2024\/03\/stronghair-100x100.png 100w, https:\/\/www.stilladrops.hu\/wp-content\/uploads\/2024\/03\/stronghair-138x138.png 138w, https:\/\/www.stilladrops.hu\/wp-content\/uploads\/2024\/03\/stronghair-386x386.png 386w, https:\/\/www.stilladrops.hu\/wp-content\/uploads\/2024\/03\/stronghair-600x600.png 600w, https:\/\/www.stilladrops.hu\/wp-content\/uploads\/2024\/03\/stronghair.png 1080w\" sizes=\"auto, (max-width: 300px) 100vw, 300px\" \/>\n\t\t\t\t\t<\/a>\n<h2>\n\t<a href=\"https:\/\/www.stilladrops.hu\/en\/termek\/strong-hair-elixir\/\" rel=\"bookmark\" title=\"Strong Hair Elixir\">\n\t\tStrong Hair Elixir\t<\/a>\n<\/h2>\nRated <strong>5.00<\/strong> out of 5\n\t<del aria-hidden=\"true\"><bdi>14 990&nbsp;&#70;&#116;<\/bdi><\/del> <ins><bdi>11 992&nbsp;&#70;&#116;<\/bdi><\/ins>\n\t\t<a rel=\"nofollow noopener\" href=\"?add-to-cart=2362\" target=\"_self\" data-quantity=\"1\" data-product_id=\"2362\" data-product_sku=\"\" data-woopack=\"true\" aria-label=\"Add to cart: &ldquo;Strong Hair Elixir&rdquo;\">Add to cart<\/a>\n<\/li>\n\t\t\t\t\n\t\t\t<\/ul>\n\n","protected":false},"excerpt":{"rendered":"<p>Sale Women&#8217;s Anti-Aging Beauty Elix\u00edr Rated 5.00 out of 5 14 990&nbsp;&#70;&#116; 10 312&nbsp;&#70;&#116; Add to cart MenoD\u00edva Rated 5.00 out of 5 12 890&nbsp;&#70;&#116; 10 312&nbsp;&#70;&#116; Add to cart Strong Hair Elixir Rated 5.00 out of 5 [&hellip;]<\/p>\n","protected":false},"author":2,"featured_media":0,"parent":0,"menu_order":0,"comment_status":"closed","ping_status":"closed","template":"","meta":{"_uag_custom_page_level_css":"","site-sidebar-layout":"default","site-content-layout":"","ast-site-content-layout":"default","site-content-style":"default","site-sidebar-style":"default","ast-global-header-display":"","ast-banner-title-visibility":"","ast-main-header-display":"","ast-hfb-above-header-display":"","ast-hfb-below-header-display":"","ast-hfb-mobile-header-display":"","site-post-title":"","ast-breadcrumbs-content":"","ast-featured-img":"","footer-sml-layout":"","ast-disable-related-posts":"","theme-transparent-header-meta":"","adv-header-id-meta":"","stick-header-meta":"","header-above-stick-meta":"","header-main-stick-meta":"","header-below-stick-meta":"","astra-migrate-meta-layouts":"set","ast-page-background-enabled":"default","ast-page-background-meta":{"desktop":{"background-color":"","background-image":"","background-repeat":"repeat","background-position":"center center","background-size":"auto","background-attachment":"scroll","background-type":"","background-media":"","overlay-type":"","overlay-color":"","overlay-opacity":"","overlay-gradient":""},"tablet":{"background-color":"","background-image":"","background-repeat":"repeat","background-position":"center center","background-size":"auto","background-attachment":"scroll","background-type":"","background-media":"","overlay-type":"","overlay-color":"","overlay-opacity":"","overlay-gradient":""},"mobile":{"background-color":"","background-image":"","background-repeat":"repeat","background-position":"center center","background-size":"auto","background-attachment":"scroll","background-type":"","background-media":"","overlay-type":"","overlay-color":"","overlay-opacity":"","overlay-gradient":""}},"ast-content-background-meta":{"desktop":{"background-color":"var(--ast-global-color-5)","background-image":"","background-repeat":"repeat","background-position":"center center","background-size":"auto","background-attachment":"scroll","background-type":"","background-media":"","overlay-type":"","overlay-color":"","overlay-opacity":"","overlay-gradient":""},"tablet":{"background-color":"var(--ast-global-color-5)","background-image":"","background-repeat":"repeat","background-position":"center center","background-size":"auto","background-attachment":"scroll","background-type":"","background-media":"","overlay-type":"","overlay-color":"","overlay-opacity":"","overlay-gradient":""},"mobile":{"background-color":"var(--ast-global-color-5)","background-image":"","background-repeat":"repeat","background-position":"center center","background-size":"auto","background-attachment":"scroll","background-type":"","background-media":"","overlay-type":"","overlay-color":"","overlay-opacity":"","overlay-gradient":""}},"footnotes":""},"class_list":["post-2427","page","type-page","status-publish","hentry"],"yoast_head":"<!-- This site is optimized with the Yoast SEO Premium plugin v27.5 (Yoast SEO v27.5) - https:\/\/yoast.com\/product\/yoast-seo-premium-wordpress\/ -->\n<title>Sale - Stilla<\/title>\n<meta name=\"robots\" content=\"index, follow, max-snippet:-1, max-image-preview:large, max-video-preview:-1\" \/>\n<link rel=\"canonical\" href=\"https:\/\/www.stilladrops.hu\/en\/sale\/\" \/>\n<meta property=\"og:locale\" content=\"en_US\" \/>\n<meta property=\"og:type\" content=\"article\" \/>\n<meta property=\"og:title\" content=\"Sale\" \/>\n<meta property=\"og:description\" content=\"Sale Women&#8217;s Anti-Aging Beauty Elix\u00edr Rated 5.00 out of 5 14 990&nbsp;&#070;&#116; 10 312&nbsp;&#070;&#116; Add to cart MenoD\u00edva Rated 5.00 out of 5 12 890&nbsp;&#070;&#116; 10 312&nbsp;&#070;&#116; Add to cart Strong Hair Elixir Rated 5.00 out of 5 [&hellip;]\" \/>\n<meta property=\"og:url\" content=\"https:\/\/www.stilladrops.hu\/en\/sale\/\" \/>\n<meta property=\"og:site_name\" content=\"Stilla\" \/>\n<meta property=\"article:publisher\" content=\"https:\/\/www.facebook.com\/stillapure\" \/>\n<meta property=\"article:modified_time\" content=\"2024-03-08T09:33:22+00:00\" \/>\n<meta property=\"og:image\" content=\"https:\/\/www.stilladrops.hu\/wp-content\/uploads\/2024\/03\/womensbeauty-300x300.png\" \/>\n<meta name=\"twitter:card\" content=\"summary_large_image\" \/>\n<meta name=\"twitter:label1\" content=\"Est. reading time\" \/>\n\t<meta name=\"twitter:data1\" content=\"1 minute\" \/>\n<script type=\"application\/ld+json\" class=\"yoast-schema-graph\">{\"@context\":\"https:\\\/\\\/schema.org\",\"@graph\":[{\"@type\":\"WebPage\",\"@id\":\"https:\\\/\\\/www.stilladrops.hu\\\/en\\\/sale\\\/\",\"url\":\"https:\\\/\\\/www.stilladrops.hu\\\/en\\\/sale\\\/\",\"name\":\"Sale - Stilla\",\"isPartOf\":{\"@id\":\"https:\\\/\\\/www.stilladrops.hu\\\/#website\"},\"primaryImageOfPage\":{\"@id\":\"https:\\\/\\\/www.stilladrops.hu\\\/en\\\/sale\\\/#primaryimage\"},\"image\":{\"@id\":\"https:\\\/\\\/www.stilladrops.hu\\\/en\\\/sale\\\/#primaryimage\"},\"thumbnailUrl\":\"https:\\\/\\\/www.stilladrops.hu\\\/wp-content\\\/uploads\\\/2024\\\/03\\\/womensbeauty-300x300.png\",\"datePublished\":\"2024-03-07T17:17:27+00:00\",\"dateModified\":\"2024-03-08T09:33:22+00:00\",\"breadcrumb\":{\"@id\":\"https:\\\/\\\/www.stilladrops.hu\\\/en\\\/sale\\\/#breadcrumb\"},\"inLanguage\":\"en-US\",\"potentialAction\":[{\"@type\":\"ReadAction\",\"target\":[\"https:\\\/\\\/www.stilladrops.hu\\\/en\\\/sale\\\/\"]}]},{\"@type\":\"ImageObject\",\"inLanguage\":\"en-US\",\"@id\":\"https:\\\/\\\/www.stilladrops.hu\\\/en\\\/sale\\\/#primaryimage\",\"url\":\"https:\\\/\\\/www.stilladrops.hu\\\/wp-content\\\/uploads\\\/2024\\\/03\\\/womensbeauty-300x300.png\",\"contentUrl\":\"https:\\\/\\\/www.stilladrops.hu\\\/wp-content\\\/uploads\\\/2024\\\/03\\\/womensbeauty-300x300.png\"},{\"@type\":\"BreadcrumbList\",\"@id\":\"https:\\\/\\\/www.stilladrops.hu\\\/en\\\/sale\\\/#breadcrumb\",\"itemListElement\":[{\"@type\":\"ListItem\",\"position\":1,\"name\":\"Kezd\u0151lap\",\"item\":\"https:\\\/\\\/www.stilladrops.hu\\\/\"},{\"@type\":\"ListItem\",\"position\":2,\"name\":\"Sale\"}]},{\"@type\":\"WebSite\",\"@id\":\"https:\\\/\\\/www.stilladrops.hu\\\/#website\",\"url\":\"https:\\\/\\\/www.stilladrops.hu\\\/\",\"name\":\"Stilla\",\"description\":\"V\u00edzalap\u00fa mikrot\u00e1panyag-cseppek a leg\u00fajabb fulvinsav-technol\u00f3gi\u00e1val.\",\"publisher\":{\"@id\":\"https:\\\/\\\/www.stilladrops.hu\\\/#organization\"},\"potentialAction\":[{\"@type\":\"SearchAction\",\"target\":{\"@type\":\"EntryPoint\",\"urlTemplate\":\"https:\\\/\\\/www.stilladrops.hu\\\/?s={search_term_string}\"},\"query-input\":{\"@type\":\"PropertyValueSpecification\",\"valueRequired\":true,\"valueName\":\"search_term_string\"}}],\"inLanguage\":\"en-US\"},{\"@type\":\"Organization\",\"@id\":\"https:\\\/\\\/www.stilladrops.hu\\\/#organization\",\"name\":\"Stilla\",\"url\":\"https:\\\/\\\/www.stilladrops.hu\\\/\",\"logo\":{\"@type\":\"ImageObject\",\"inLanguage\":\"en-US\",\"@id\":\"https:\\\/\\\/www.stilladrops.hu\\\/#\\\/schema\\\/logo\\\/image\\\/\",\"url\":\"https:\\\/\\\/www.stilladrops.hu\\\/wp-content\\\/uploads\\\/2023\\\/03\\\/favicon.jpg\",\"contentUrl\":\"https:\\\/\\\/www.stilladrops.hu\\\/wp-content\\\/uploads\\\/2023\\\/03\\\/favicon.jpg\",\"width\":150,\"height\":150,\"caption\":\"Stilla\"},\"image\":{\"@id\":\"https:\\\/\\\/www.stilladrops.hu\\\/#\\\/schema\\\/logo\\\/image\\\/\"},\"sameAs\":[\"https:\\\/\\\/www.facebook.com\\\/stillapure\",\"https:\\\/\\\/www.youtube.com\\\/@StillaPure\",\"https:\\\/\\\/www.instagram.com\\\/stilladrops\",\"https:\\\/\\\/www.linkedin.com\\\/company\\\/stilladrops\"],\"description\":\"A Stilla term\u00e9kek nemcsak innovat\u00edvak, hanem \u00e1tgondoltan emberk\u00f6zpont\u00faak is. Olyan k\u00e9sz\u00edtm\u00e9nyeket alkotunk, amelyeket mi magunk is fogyasztunk \u00e9s sz\u00edvesen adunk szeretteinknek \u2013 mert sz\u00e1munkra az eg\u00e9szs\u00e9g nem csak c\u00e9l, hanem hossz\u00fat\u00e1v\u00fa befektet\u00e9s is.\",\"email\":\"info@stilladrops.hu\",\"telephone\":\"+36 30 362 8123\",\"legalName\":\"Quattroceuticals KFT.\",\"publishingPrinciples\":\"https:\\\/\\\/www.stilladrops.hu\\\/technologia\\\/\",\"ownershipFundingInfo\":\"https:\\\/\\\/www.stilladrops.hu\\\/elerhetosegek\\\/\"}]}<\/script>\n<!-- \/ Yoast SEO Premium plugin. -->","yoast_head_json":{"title":"Sale - Stilla","robots":{"index":"index","follow":"follow","max-snippet":"max-snippet:-1","max-image-preview":"max-image-preview:large","max-video-preview":"max-video-preview:-1"},"canonical":"https:\/\/www.stilladrops.hu\/en\/sale\/","og_locale":"en_US","og_type":"article","og_title":"Sale","og_description":"Sale Women&#8217;s Anti-Aging Beauty Elix\u00edr Rated 5.00 out of 5 14 990&nbsp;&#70;&#116; 10 312&nbsp;&#70;&#116; Add to cart MenoD\u00edva Rated 5.00 out of 5 12 890&nbsp;&#70;&#116; 10 312&nbsp;&#70;&#116; Add to cart Strong Hair Elixir Rated 5.00 out of 5 [&hellip;]","og_url":"https:\/\/www.stilladrops.hu\/en\/sale\/","og_site_name":"Stilla","article_publisher":"https:\/\/www.facebook.com\/stillapure","article_modified_time":"2024-03-08T09:33:22+00:00","og_image":[{"url":"https:\/\/www.stilladrops.hu\/wp-content\/uploads\/2024\/03\/womensbeauty-300x300.png","type":"","width":"","height":""}],"twitter_card":"summary_large_image","twitter_misc":{"Est. reading time":"1 minute"},"schema":{"@context":"https:\/\/schema.org","@graph":[{"@type":"WebPage","@id":"https:\/\/www.stilladrops.hu\/en\/sale\/","url":"https:\/\/www.stilladrops.hu\/en\/sale\/","name":"Sale - Stilla","isPartOf":{"@id":"https:\/\/www.stilladrops.hu\/#website"},"primaryImageOfPage":{"@id":"https:\/\/www.stilladrops.hu\/en\/sale\/#primaryimage"},"image":{"@id":"https:\/\/www.stilladrops.hu\/en\/sale\/#primaryimage"},"thumbnailUrl":"https:\/\/www.stilladrops.hu\/wp-content\/uploads\/2024\/03\/womensbeauty-300x300.png","datePublished":"2024-03-07T17:17:27+00:00","dateModified":"2024-03-08T09:33:22+00:00","breadcrumb":{"@id":"https:\/\/www.stilladrops.hu\/en\/sale\/#breadcrumb"},"inLanguage":"en-US","potentialAction":[{"@type":"ReadAction","target":["https:\/\/www.stilladrops.hu\/en\/sale\/"]}]},{"@type":"ImageObject","inLanguage":"en-US","@id":"https:\/\/www.stilladrops.hu\/en\/sale\/#primaryimage","url":"https:\/\/www.stilladrops.hu\/wp-content\/uploads\/2024\/03\/womensbeauty-300x300.png","contentUrl":"https:\/\/www.stilladrops.hu\/wp-content\/uploads\/2024\/03\/womensbeauty-300x300.png"},{"@type":"BreadcrumbList","@id":"https:\/\/www.stilladrops.hu\/en\/sale\/#breadcrumb","itemListElement":[{"@type":"ListItem","position":1,"name":"Kezd\u0151lap","item":"https:\/\/www.stilladrops.hu\/"},{"@type":"ListItem","position":2,"name":"Sale"}]},{"@type":"WebSite","@id":"https:\/\/www.stilladrops.hu\/#website","url":"https:\/\/www.stilladrops.hu\/","name":"Stilla","description":"V\u00edzalap\u00fa mikrot\u00e1panyag-cseppek a leg\u00fajabb fulvinsav-technol\u00f3gi\u00e1val.","publisher":{"@id":"https:\/\/www.stilladrops.hu\/#organization"},"potentialAction":[{"@type":"SearchAction","target":{"@type":"EntryPoint","urlTemplate":"https:\/\/www.stilladrops.hu\/?s={search_term_string}"},"query-input":{"@type":"PropertyValueSpecification","valueRequired":true,"valueName":"search_term_string"}}],"inLanguage":"en-US"},{"@type":"Organization","@id":"https:\/\/www.stilladrops.hu\/#organization","name":"Stilla","url":"https:\/\/www.stilladrops.hu\/","logo":{"@type":"ImageObject","inLanguage":"en-US","@id":"https:\/\/www.stilladrops.hu\/#\/schema\/logo\/image\/","url":"https:\/\/www.stilladrops.hu\/wp-content\/uploads\/2023\/03\/favicon.jpg","contentUrl":"https:\/\/www.stilladrops.hu\/wp-content\/uploads\/2023\/03\/favicon.jpg","width":150,"height":150,"caption":"Stilla"},"image":{"@id":"https:\/\/www.stilladrops.hu\/#\/schema\/logo\/image\/"},"sameAs":["https:\/\/www.facebook.com\/stillapure","https:\/\/www.youtube.com\/@StillaPure","https:\/\/www.instagram.com\/stilladrops","https:\/\/www.linkedin.com\/company\/stilladrops"],"description":"A Stilla term\u00e9kek nemcsak innovat\u00edvak, hanem \u00e1tgondoltan emberk\u00f6zpont\u00faak is. Olyan k\u00e9sz\u00edtm\u00e9nyeket alkotunk, amelyeket mi magunk is fogyasztunk \u00e9s sz\u00edvesen adunk szeretteinknek \u2013 mert sz\u00e1munkra az eg\u00e9szs\u00e9g nem csak c\u00e9l, hanem hossz\u00fat\u00e1v\u00fa befektet\u00e9s is.","email":"info@stilladrops.hu","telephone":"+36 30 362 8123","legalName":"Quattroceuticals KFT.","publishingPrinciples":"https:\/\/www.stilladrops.hu\/technologia\/","ownershipFundingInfo":"https:\/\/www.stilladrops.hu\/elerhetosegek\/"}]}},"uagb_featured_image_src":{"full":false,"thumbnail":false,"medium":false,"medium_large":false,"large":false,"1536x1536":false,"2048x2048":false,"100x-size":false,"138x-size":false,"woocommerce_thumbnail":false,"woocommerce_single":false,"woocommerce_gallery_thumbnail":false},"uagb_author_info":{"display_name":"info-demo1","author_link":"https:\/\/www.stilladrops.hu\/en\/author\/info-demo1\/"},"uagb_comment_info":0,"uagb_excerpt":"Sale Women&#8217;s Anti-Aging Beauty Elix\u00edr Rated 5.00 out of 5 14 990&nbsp;&#70;&#116; 10 312&nbsp;&#70;&#116; Add to cart MenoD\u00edva Rated 5.00 out of 5 12 890&nbsp;&#70;&#116; 10 312&nbsp;&#70;&#116; Add to cart Strong Hair Elixir Rated 5.00 out of 5 [&hellip;]","_links":{"self":[{"href":"https:\/\/www.stilladrops.hu\/en\/wp-json\/wp\/v2\/pages\/2427","targetHints":{"allow":["GET"]}}],"collection":[{"href":"https:\/\/www.stilladrops.hu\/en\/wp-json\/wp\/v2\/pages"}],"about":[{"href":"https:\/\/www.stilladrops.hu\/en\/wp-json\/wp\/v2\/types\/page"}],"author":[{"embeddable":true,"href":"https:\/\/www.stilladrops.hu\/en\/wp-json\/wp\/v2\/users\/2"}],"replies":[{"embeddable":true,"href":"https:\/\/www.stilladrops.hu\/en\/wp-json\/wp\/v2\/comments?post=2427"}],"version-history":[{"count":0,"href":"https:\/\/www.stilladrops.hu\/en\/wp-json\/wp\/v2\/pages\/2427\/revisions"}],"wp:attachment":[{"href":"https:\/\/www.stilladrops.hu\/en\/wp-json\/wp\/v2\/media?parent=2427"}],"curies":[{"name":"wp","href":"https:\/\/api.w.org\/{rel}","templated":true}]}}